{"id":3638,"date":"2021-05-18T15:25:47","date_gmt":"2021-05-18T13:25:47","guid":{"rendered":"http:\/\/lokalmagasinet.no\/?page_id=3638"},"modified":"2024-05-05T21:42:19","modified_gmt":"2024-05-05T19:42:19","slug":"sivilarkitekt-hans-kjell-larsen-til-minne","status":"publish","type":"page","link":"https:\/\/lokalmagasinet.no\/?page_id=3638","title":{"rendered":"Sivilarkitekt Hans-Kjell Larsen til minne"},"content":{"rendered":"<div><span style=\"font-size: 12pt;\">(Pub<\/span><span style=\"font-size: large;\"><span style=\"font-size: 12pt;\">lisert s\u00f8ndag 01.11.20)<\/span> <\/span><strong><span style=\"font-size: large;\"><span style=\"font-size: 14pt;\">Sivilarkitekt Hans-Kjell Larsen, Son, d\u00f8de torsdag etter en tid med alvorlig sykdom. Han rundet 90 \u00e5r i februar, og arbeidet med arkitektoppgaver til langt opp i alderdommen.<\/span><\/span><\/strong><\/div>\n<div><span style=\"font-size: large;\">\u00a0<\/span><\/div>\n<div>\n<div><span style=\"font-size: large;\">Hans-Kjell Larsen fikk sin utdanning ved det som da hette Statens Arkitektkurs, der han avla eksamen i 1955.<br \/>\n<\/span><\/div>\n<div><span style=\"font-size: large;\">\u00a0<\/span><\/div>\n<div><span style=\"font-size: large;\">F\u00e5 \u00e5r senere opplevde han \u00e5 f\u00e5 v\u00e6re arkitekt p\u00e5 et historisk byggeprosjekt, nemlig Voksen\u00e5sen, v\u00e5r nasjonalgave til Sverige for landets omfattende omsorg for norske flytktninger under 2. verdenskrig.<br \/>\n<\/span><\/div>\n<div><span style=\"font-size: large;\">\u00a0<\/span><\/div>\n<div><span style=\"font-size: large;\">Sammen med Terje Thorstensen vant han 1. prisen i konkurransen om utformingen av Voksenkollen. Bygget, p\u00e5 en 30 m\u00e5l stor tomt n\u00e6r Nordmarka, ble overlevert i oktober 1960 etter en prosjekt- og byggeperiode p\u00e5 dr\u00f8ye fire \u00e5r. <\/span><\/div>\n<\/div>\n<div><span style=\"font-size: large;\">\u00a0<\/span><\/div>\n<div><span style=\"font-size: large;\">Familien p\u00e5 fire kom til Son fra Oslo tidlig p\u00e5 1970-tallet, og kj\u00f8pte en tomt litt s\u00f8r for sentrum. Der ble det bygget en s\u00e6rpreget bolig som selvf\u00f8lgelig var tegnet av Hans-Kjell og godt tilpasset tomten. .<br \/>\n<\/span><\/div>\n<div><span style=\"font-size: large;\">\u00a0<\/span><\/div>\n<div><span style=\"font-size: large;\">I boligen fikk han ogs\u00e5 sin arbeidsplass gjennom mange ti\u00e5r, der b\u00e5de oppdragsgivere og byggestiler var i endring og krevde omstilling p\u00e5 arkitektsiden.<br \/>\n<\/span><\/div>\n<div><span style=\"font-size: large;\">\u00a0<\/span><\/div>\n<div><span style=\"font-size: large;\">Ikke sjelden var oppdragene b\u00e5de omfattende og leveringsfristen relativt kort. Dager kunne g\u00e5 over til kveld, og kveld bli natt. Det hendte at de m\u00e5tte v\u00e6re to ved tegnebordet for \u00e5 rekke over alt tids nok. Fra kollega Michael Batchelor var det da hjelp \u00e5 f\u00e5 i det n\u00e6re.<\/span><\/div>\n<div><span style=\"font-size: large;\">\u00a0<\/span><\/div>\n<div><span style=\"font-size: large;\">I Son har Hans-Kjell Larsen blant annet tegnet 3. byggetrinn p\u00e5 Sol\u00e5s og Stenl\u00f8kka bo- og servicesenter, med trygdeboliger.<\/span><\/div>\n<div><span style=\"font-size: large;\">\u00a0<\/span><\/div>\n<div><span style=\"font-size: large;\"><strong>I \u00e5rene 1994-1998 var Larsen sterkt engasjert\u00a0 i restaureringen av Hvalfangerkirken p\u00e5 Syd-Georgia. Hans farfar, C.A. Larsen, var nemlig blant grunnleggerne av den norske hvalfangststasjonen Grytviken.<\/strong><br \/>\n<\/span><\/div>\n<div><span style=\"font-size: large;\">\u00a0<\/span><\/div>\n<div><span style=\"font-size: large;\">I 1999 var Hans-Kjell Larsen initiativtaker til at det ble gjennomf\u00f8rt to ekspedisjoner til \u00f8ya i Sydishavet.<\/span><\/div>\n<div><span style=\"font-size: large;\">\u00a0<\/span><\/div>\n<div><span style=\"font-size: large;\">Fred over hans minne.<br \/>\n<\/span><\/div>\n<div><span style=\"font-size: large;\">\u00a0<\/span><\/div>\n<div><span style=\"font-size: large;\">SVEIN-H. STRAND<\/span><\/div>\n<p>Views: 2552<\/p>","protected":false},"excerpt":{"rendered":"<p>(Publisert s\u00f8ndag 01.11.20) Sivilarkitekt Hans-Kjell Larsen, Son, d\u00f8de torsdag etter en tid med alvorlig sykdom. Han rundet 90 \u00e5r i februar, og arbeidet med arkitektoppgaver til langt opp i alderdommen. &#8230; <\/p>\n<p class=\"read-more-container\"><a title=\"Sivilarkitekt Hans-Kjell Larsen til minne\" class=\"read-more button\" href=\"https:\/\/lokalmagasinet.no\/?page_id=3638#more-3638\">Les mer<span class=\"screen-reader-text\">Sivilarkitekt Hans-Kjell Larsen til minne<\/span><\/a><\/p>\n","protected":false},"author":6,"featured_media":0,"parent":0,"menu_order":30,"comment_status":"closed","ping_status":"closed","template":"","meta":{"footnotes":""},"class_list":["post-3638","page","type-page","status-publish","hentry"],"yoast_head":"<!-- This site is optimized with the Yoast SEO plugin v27.3 - https:\/\/yoast.com\/product\/yoast-seo-wordpress\/ -->\n<title>Sivilarkitekt Hans-Kjell Larsen til minne | Lokalmagasinet.no<\/title>\n<meta name=\"robots\" content=\"index, follow, max-snippet:-1, max-image-preview:large, max-video-preview:-1\" \/>\n<link rel=\"canonical\" href=\"https:\/\/lokalmagasinet.no\/?page_id=3638\" \/>\n<meta property=\"og:locale\" content=\"nn_NO\" \/>\n<meta property=\"og:type\" content=\"article\" \/>\n<meta property=\"og:title\" content=\"Sivilarkitekt Hans-Kjell Larsen til minne | Lokalmagasinet.no\" \/>\n<meta property=\"og:description\" content=\"(Publisert s\u00f8ndag 01.11.20) Sivilarkitekt Hans-Kjell Larsen, Son, d\u00f8de torsdag etter en tid med alvorlig sykdom. Han rundet 90 \u00e5r i februar, og arbeidet med arkitektoppgaver til langt opp i alderdommen. ... Les merSivilarkitekt Hans-Kjell Larsen til minne\" \/>\n<meta property=\"og:url\" content=\"https:\/\/lokalmagasinet.no\/?page_id=3638\" \/>\n<meta property=\"og:site_name\" content=\"Lokalmagasinet.no\" \/>\n<meta property=\"article:publisher\" content=\"https:\/\/www.facebook.com\/sveinharald.strand.1\" \/>\n<meta property=\"article:modified_time\" content=\"2024-05-05T19:42:19+00:00\" \/>\n<meta property=\"og:image\" content=\"https:\/\/lokalmagasinet.no\/wp-content\/uploads\/2022\/02\/sonsskjarg_kystp_500.jpg\" \/>\n\t<meta property=\"og:image:width\" content=\"500\" \/>\n\t<meta property=\"og:image:height\" content=\"332\" \/>\n\t<meta property=\"og:image:type\" content=\"image\/jpeg\" \/>\n<meta name=\"twitter:card\" content=\"summary_large_image\" \/>\n<meta name=\"twitter:site\" content=\"@LMExtra\" \/>\n<meta name=\"twitter:label1\" content=\"Est. reading time\" \/>\n\t<meta name=\"twitter:data1\" content=\"2 minutt\" \/>\n<script type=\"application\/ld+json\" class=\"yoast-schema-graph\">{\"@context\":\"https:\\\/\\\/schema.org\",\"@graph\":[{\"@type\":\"WebPage\",\"@id\":\"https:\\\/\\\/lokalmagasinet.no\\\/?page_id=3638\",\"url\":\"https:\\\/\\\/lokalmagasinet.no\\\/?page_id=3638\",\"name\":\"Sivilarkitekt Hans-Kjell Larsen til minne | Lokalmagasinet.no\",\"isPartOf\":{\"@id\":\"https:\\\/\\\/lokalmagasinet.no\\\/#website\"},\"datePublished\":\"2021-05-18T13:25:47+00:00\",\"dateModified\":\"2024-05-05T19:42:19+00:00\",\"breadcrumb\":{\"@id\":\"https:\\\/\\\/lokalmagasinet.no\\\/?page_id=3638#breadcrumb\"},\"inLanguage\":\"nn-NO\",\"potentialAction\":[{\"@type\":\"ReadAction\",\"target\":[\"https:\\\/\\\/lokalmagasinet.no\\\/?page_id=3638\"]}]},{\"@type\":\"BreadcrumbList\",\"@id\":\"https:\\\/\\\/lokalmagasinet.no\\\/?page_id=3638#breadcrumb\",\"itemListElement\":[{\"@type\":\"ListItem\",\"position\":1,\"name\":\"Hjem\",\"item\":\"https:\\\/\\\/lokalmagasinet.no\\\/\"},{\"@type\":\"ListItem\",\"position\":2,\"name\":\"Sivilarkitekt Hans-Kjell Larsen til minne\"}]},{\"@type\":\"WebSite\",\"@id\":\"https:\\\/\\\/lokalmagasinet.no\\\/#website\",\"url\":\"https:\\\/\\\/lokalmagasinet.no\\\/\",\"name\":\"Lokalmagasinet.no\",\"description\":\"Fra fortid og n\u00e5tid. Med st\u00e5sted i det n\u00e6re. Siden 2002.\",\"publisher\":{\"@id\":\"https:\\\/\\\/lokalmagasinet.no\\\/#organization\"},\"potentialAction\":[{\"@type\":\"SearchAction\",\"target\":{\"@type\":\"EntryPoint\",\"urlTemplate\":\"https:\\\/\\\/lokalmagasinet.no\\\/?s={search_term_string}\"},\"query-input\":{\"@type\":\"PropertyValueSpecification\",\"valueRequired\":true,\"valueName\":\"search_term_string\"}}],\"inLanguage\":\"nn-NO\"},{\"@type\":\"Organization\",\"@id\":\"https:\\\/\\\/lokalmagasinet.no\\\/#organization\",\"name\":\"Lokalmagasinet.no\",\"url\":\"https:\\\/\\\/lokalmagasinet.no\\\/\",\"logo\":{\"@type\":\"ImageObject\",\"inLanguage\":\"nn-NO\",\"@id\":\"https:\\\/\\\/lokalmagasinet.no\\\/#\\\/schema\\\/logo\\\/image\\\/\",\"url\":\"https:\\\/\\\/lokalmagasinet.no\\\/wp-content\\\/uploads\\\/2021\\\/03\\\/cropped-cropped-cropped-cropped-cropped-cropped-lmlogo-e1640691300821.jpg\",\"contentUrl\":\"https:\\\/\\\/lokalmagasinet.no\\\/wp-content\\\/uploads\\\/2021\\\/03\\\/cropped-cropped-cropped-cropped-cropped-cropped-lmlogo-e1640691300821.jpg\",\"width\":72,\"height\":118,\"caption\":\"Lokalmagasinet.no\"},\"image\":{\"@id\":\"https:\\\/\\\/lokalmagasinet.no\\\/#\\\/schema\\\/logo\\\/image\\\/\"},\"sameAs\":[\"https:\\\/\\\/www.facebook.com\\\/sveinharald.strand.1\",\"https:\\\/\\\/x.com\\\/LMExtra\"]}]}<\/script>\n<!-- \/ Yoast SEO plugin. -->","yoast_head_json":{"title":"Sivilarkitekt Hans-Kjell Larsen til minne | Lokalmagasinet.no","robots":{"index":"index","follow":"follow","max-snippet":"max-snippet:-1","max-image-preview":"max-image-preview:large","max-video-preview":"max-video-preview:-1"},"canonical":"https:\/\/lokalmagasinet.no\/?page_id=3638","og_locale":"nn_NO","og_type":"article","og_title":"Sivilarkitekt Hans-Kjell Larsen til minne | Lokalmagasinet.no","og_description":"(Publisert s\u00f8ndag 01.11.20) Sivilarkitekt Hans-Kjell Larsen, Son, d\u00f8de torsdag etter en tid med alvorlig sykdom. Han rundet 90 \u00e5r i februar, og arbeidet med arkitektoppgaver til langt opp i alderdommen. ... Les merSivilarkitekt Hans-Kjell Larsen til minne","og_url":"https:\/\/lokalmagasinet.no\/?page_id=3638","og_site_name":"Lokalmagasinet.no","article_publisher":"https:\/\/www.facebook.com\/sveinharald.strand.1","article_modified_time":"2024-05-05T19:42:19+00:00","og_image":[{"width":500,"height":332,"url":"https:\/\/lokalmagasinet.no\/wp-content\/uploads\/2022\/02\/sonsskjarg_kystp_500.jpg","type":"image\/jpeg"}],"twitter_card":"summary_large_image","twitter_site":"@LMExtra","twitter_misc":{"Est. reading time":"2 minutt"},"schema":{"@context":"https:\/\/schema.org","@graph":[{"@type":"WebPage","@id":"https:\/\/lokalmagasinet.no\/?page_id=3638","url":"https:\/\/lokalmagasinet.no\/?page_id=3638","name":"Sivilarkitekt Hans-Kjell Larsen til minne | Lokalmagasinet.no","isPartOf":{"@id":"https:\/\/lokalmagasinet.no\/#website"},"datePublished":"2021-05-18T13:25:47+00:00","dateModified":"2024-05-05T19:42:19+00:00","breadcrumb":{"@id":"https:\/\/lokalmagasinet.no\/?page_id=3638#breadcrumb"},"inLanguage":"nn-NO","potentialAction":[{"@type":"ReadAction","target":["https:\/\/lokalmagasinet.no\/?page_id=3638"]}]},{"@type":"BreadcrumbList","@id":"https:\/\/lokalmagasinet.no\/?page_id=3638#breadcrumb","itemListElement":[{"@type":"ListItem","position":1,"name":"Hjem","item":"https:\/\/lokalmagasinet.no\/"},{"@type":"ListItem","position":2,"name":"Sivilarkitekt Hans-Kjell Larsen til minne"}]},{"@type":"WebSite","@id":"https:\/\/lokalmagasinet.no\/#website","url":"https:\/\/lokalmagasinet.no\/","name":"Lokalmagasinet.no","description":"Fra fortid og n\u00e5tid. Med st\u00e5sted i det n\u00e6re. Siden 2002.","publisher":{"@id":"https:\/\/lokalmagasinet.no\/#organization"},"potentialAction":[{"@type":"SearchAction","target":{"@type":"EntryPoint","urlTemplate":"https:\/\/lokalmagasinet.no\/?s={search_term_string}"},"query-input":{"@type":"PropertyValueSpecification","valueRequired":true,"valueName":"search_term_string"}}],"inLanguage":"nn-NO"},{"@type":"Organization","@id":"https:\/\/lokalmagasinet.no\/#organization","name":"Lokalmagasinet.no","url":"https:\/\/lokalmagasinet.no\/","logo":{"@type":"ImageObject","inLanguage":"nn-NO","@id":"https:\/\/lokalmagasinet.no\/#\/schema\/logo\/image\/","url":"https:\/\/lokalmagasinet.no\/wp-content\/uploads\/2021\/03\/cropped-cropped-cropped-cropped-cropped-cropped-lmlogo-e1640691300821.jpg","contentUrl":"https:\/\/lokalmagasinet.no\/wp-content\/uploads\/2021\/03\/cropped-cropped-cropped-cropped-cropped-cropped-lmlogo-e1640691300821.jpg","width":72,"height":118,"caption":"Lokalmagasinet.no"},"image":{"@id":"https:\/\/lokalmagasinet.no\/#\/schema\/logo\/image\/"},"sameAs":["https:\/\/www.facebook.com\/sveinharald.strand.1","https:\/\/x.com\/LMExtra"]}]}},"_links":{"self":[{"href":"https:\/\/lokalmagasinet.no\/index.php?rest_route=\/wp\/v2\/pages\/3638","targetHints":{"allow":["GET"]}}],"collection":[{"href":"https:\/\/lokalmagasinet.no\/index.php?rest_route=\/wp\/v2\/pages"}],"about":[{"href":"https:\/\/lokalmagasinet.no\/index.php?rest_route=\/wp\/v2\/types\/page"}],"author":[{"embeddable":true,"href":"https:\/\/lokalmagasinet.no\/index.php?rest_route=\/wp\/v2\/users\/6"}],"replies":[{"embeddable":true,"href":"https:\/\/lokalmagasinet.no\/index.php?rest_route=%2Fwp%2Fv2%2Fcomments&post=3638"}],"version-history":[{"count":2,"href":"https:\/\/lokalmagasinet.no\/index.php?rest_route=\/wp\/v2\/pages\/3638\/revisions"}],"predecessor-version":[{"id":3640,"href":"https:\/\/lokalmagasinet.no\/index.php?rest_route=\/wp\/v2\/pages\/3638\/revisions\/3640"}],"wp:attachment":[{"href":"https:\/\/lokalmagasinet.no\/index.php?rest_route=%2Fwp%2Fv2%2Fmedia&parent=3638"}],"curies":[{"name":"wp","href":"https:\/\/api.w.org\/{rel}","templated":true}]}}